{"id":13,"date":"2024-06-10T07:24:17","date_gmt":"2024-06-10T07:24:17","guid":{"rendered":"http:\/\/veo-partners.de\/?page_id=3"},"modified":"2025-12-09T13:09:36","modified_gmt":"2025-12-09T12:09:36","slug":"privacy-policy","status":"publish","type":"page","link":"https:\/\/www.veo-partners.de\/en\/privacy-policy\/","title":{"rendered":"Privacy Policy"},"content":{"rendered":"<h2 class=\"wp-block-heading\">Privacy Policy<\/h2>\n\n\n\n<p>Thank you for visiting the VEO Partners GmbH website. We are pleased that you are interested in our company.<\/p>\n\n\n\n<p>Privacy is a significant concern for our business, and we have implemented measures to ensure its protection and comply with relevant legislation.<\/p>\n\n\n\n<p>When you visit our website, we do not collect any user data. If this becomes necessary in the future, we will inform you and, if necessary, obtain your consent.<\/p>\n\n\n\n<p>Auch wenn wir selbst keine Nutzerdaten beim Besuch unserer Webseite erheben, ist es m\u00f6glich, dass dies durch unseren Webhoster erfolgt. Dies kann zum Beispiel die IP-Adresse, Browser- und Betriebssystem, Datum und Uhrzeit und weiteres mehr beinhalten. Unsere Webseite wird von der easyname GmbH gehostet. Die easyname GmbH gew\u00e4hrleistet uns durch eine Vereinbarung zur Auftragsverarbeitung (AVV) die Sicherheit unserer Daten auf den Servern der easyname GmbH.<\/p>\n\n\n\n<p>The responsible entity in terms of data protection laws, particularly the EU General Data Protection Regulation (GDPR), is:<\/p>\n\n\n\n<p>VEO Partners GmbH<\/p>\n\n\n\n<p>Eversbuschstr. 47<\/p>\n\n\n\n<p>80999 M\u00fcnchen<\/p>\n\n\n\n<p>Germany<\/p>\n\n\n\n<p>E-Mail-Adress: info@veo-partners.de<\/p>\n\n\n\n<p>Internet: https:\/\/veo-partners.de\/<\/p>\n\n\n\n<p><strong>Your Rights as a Data Subject<\/strong><\/p>\n\n\n\n<p>You may exercise the following rights at any time using the contact details provided:<\/p>\n\n\n\n<p>\u2013 Access to the data we have stored about you and how it is processed,<\/p>\n\n\n\n<p>\u2013 Correction of incorrect personal data,<\/p>\n\n\n\n<p>\u2013 Deletion of your data stored with us,<\/p>\n\n\n\n<p>\u2013 Restriction of data processing, provided we are not yet allowed to delete your data due to legal obligations,<\/p>\n\n\n\n<p>\u2013 Objection to the processing of your data by us, and<\/p>\n\n\n\n<p>\u2013 Data portability, if you have consented to data processing or have entered into a contract with us.<\/p>\n\n\n\n<p>If you have given us consent, you may revoke it at any time with effect for the future.<\/p>\n\n\n\n<p>You may also file a complaint at any time with the supervisory authority responsible for you. The competent supervisory authority depends on the federal state of your residence, workplace, or the alleged violation. A list of supervisory authorities (for the non-public sector) with addresses can be found at: https:\/\/www.bfdi.bund.de\/DE\/Infothek\/Anschriften_Links\/anschriften_links-node.html.<\/p>\n\n\n\n<p><strong>Purposes of Data Processing by the Responsible Party and Third Parties<\/strong><\/p>\n\n\n\n<p>We process your personal data only for the purposes mentioned in this privacy policy. Your personal data will not be transferred to third parties for purposes other than those mentioned. We only share your personal data with third parties if:<\/p>\n\n\n\n<p>\u2013 You have given your explicit consent,<\/p>\n\n\n\n<p>\u2013 The processing is necessary for the execution of a contract with you,<\/p>\n\n\n\n<p>\u2013 The processing is required to fulfill a legal obligation,<\/p>\n\n\n\n<p>\u2013 The processing is necessary to protect legitimate interests, and there is no reason to assume that you have an overriding legitimate interest in the non-disclosure of your data.<\/p>\n\n\n\n<p><strong>Deletion or Blocking of Data<\/strong><\/p>\n\n\n\n<p>We adhere to the principles of data avoidance and data minimization. Therefore, we only store your personal data for as long as necessary to achieve the purposes stated here or as required by the various retention periods provided by law. After the respective purpose no longer applies or these periods expire, the corresponding data will be routinely blocked or deleted in accordance with legal regulations.<\/p>\n\n\n\n<p><strong>SSL Encryption<\/strong><\/p>\n\n\n\n<p>To protect the security of your data during transmission, we use state-of-the-art encryption methods (e.g., SSL) over HTTPS.<\/p>\n\n\n\n<p><strong>Contact<\/strong><\/p>\n\n\n\n<p>If you contact us via email or contact form with any questions, you voluntarily provide us with your consent for the purpose of contacting you. For this, it is necessary to provide a valid email address. This is required to assign the inquiry and subsequently respond to it. Providing additional data is optional. The information you provide will be stored for the purpose of processing the inquiry and for possible follow-up questions. Once your inquiry has been addressed, personal data will be automatically deleted.<\/p>\n\n\n\n<p><strong>Use of Script Libraries (Google Webfonts)<\/strong><\/p>\n\n\n\n<p>To ensure that our content is displayed correctly and in an appealing manner across different browsers, we use script libraries and font libraries such as Google Webfonts (https:\/\/www.google.com\/webfonts\/) on this website. Google Webfonts are transferred to your browser's cache to avoid multiple loading. If the browser does not support Google Webfonts or blocks access, the content will be displayed in a standard font.<\/p>\n\n\n\n<p>Accessing script libraries or font libraries automatically triggers a connection to the library operator. It is theoretically possible\u2014although currently unclear whether and for what purposes\u2014 that the operators of such libraries may collect data.<\/p>\n\n\n\n<p>You can find the privacy policy of the library operator Google here: https:\/\/www.google.com\/policies\/privacy\/.<\/p>\n\n\n\n<p><strong>Changes to our data protection regulations<\/strong><\/p>\n\n\n\n<p>We reserve the right to adapt this data protection declaration so that it always complies with the current legal requirements or to implement changes to our services in the data protection declaration, e.g. when introducing new services. The new data protection declaration will then apply to your next visit.<\/p>\n\n\n\n<p><strong>Questions for the data protection officer<\/strong><\/p>\n\n\n\n<p>If you have any questions about data protection, please send us an email to the address above.<\/p>\n\n\n\n<p>The data protection declaration was created using the data protection declaration generator of activeMind AG.<\/p>\n\n\n\n<p><\/p>\n\n\n\n<p><\/p>","protected":false},"excerpt":{"rendered":"<p>Datenschutzbestimmungen Danke f\u00fcr Ihren Besuch der Internetseiten der VEO Partners GmbH. Wir freuen uns \u00fcber Ihr Interesse an unserem Unternehmen. Datenschutz spielt in unserem Unternehmen eine wichtige Rolle und wir haben Ma\u00dfnahmen ergriffen, um diesen zu gew\u00e4hrleisten und die entsprechende Gesetzgebung einzuhalten. Beim Besuch unserer Webseite sammeln wir keine Nutzerdaten. Falls dies in Zukunft notwendig [&hellip;]<\/p>","protected":false},"author":1,"featured_media":0,"parent":0,"menu_order":0,"comment_status":"closed","ping_status":"closed","template":"","meta":{"footnotes":""},"class_list":["post-13","page","type-page","status-publish","hentry"],"_links":{"self":[{"href":"https:\/\/www.veo-partners.de\/en\/wp-json\/wp\/v2\/pages\/13","targetHints":{"allow":["GET"]}}],"collection":[{"href":"https:\/\/www.veo-partners.de\/en\/wp-json\/wp\/v2\/pages"}],"about":[{"href":"https:\/\/www.veo-partners.de\/en\/wp-json\/wp\/v2\/types\/page"}],"author":[{"embeddable":true,"href":"https:\/\/www.veo-partners.de\/en\/wp-json\/wp\/v2\/users\/1"}],"replies":[{"embeddable":true,"href":"https:\/\/www.veo-partners.de\/en\/wp-json\/wp\/v2\/comments?post=13"}],"version-history":[{"count":3,"href":"https:\/\/www.veo-partners.de\/en\/wp-json\/wp\/v2\/pages\/13\/revisions"}],"predecessor-version":[{"id":168,"href":"https:\/\/www.veo-partners.de\/en\/wp-json\/wp\/v2\/pages\/13\/revisions\/168"}],"wp:attachment":[{"href":"https:\/\/www.veo-partners.de\/en\/wp-json\/wp\/v2\/media?parent=13"}],"curies":[{"name":"wp","href":"https:\/\/api.w.org\/{rel}","templated":true}]}}